{"id":8,"date":"2025-10-15T12:00:12","date_gmt":"2025-10-15T12:00:12","guid":{"rendered":"https:\/\/luciafitnessjump.com\/?page_id=8"},"modified":"2025-10-22T08:05:58","modified_gmt":"2025-10-22T08:05:58","slug":"a-propos","status":"publish","type":"page","link":"https:\/\/luciafitnessjump.com\/?page_id=8","title":{"rendered":"A Propos"},"content":{"rendered":"\n<div class=\"wp-block-group alignfull is-style-section-5 is-layout-flow wp-block-group-is-layout-flow\" style=\"min-height:100vh;margin-top:0;margin-bottom:0;padding-top:var(--wp--preset--spacing--50);padding-right:var(--wp--preset--spacing--50);padding-bottom:var(--wp--preset--spacing--50);padding-left:var(--wp--preset--spacing--50)\">\n<div class=\"wp-block-columns alignfull is-layout-flex wp-container-core-columns-is-layout-47c06fe3 wp-block-columns-is-layout-flex\">\n<div class=\"wp-block-column is-layout-flow wp-block-column-is-layout-flow\">\n<div class=\"wp-block-cover\" style=\"min-height:100vh;aspect-ratio:unset;\"><img loading=\"lazy\" decoding=\"async\" width=\"767\" height=\"1024\" class=\"wp-block-cover__image-background wp-image-22 size-large\" alt=\"\" src=\"https:\/\/luciafitnessjump.com\/wp-content\/uploads\/2025\/10\/1000012561-767x1024.jpg\" data-object-fit=\"cover\" srcset=\"https:\/\/luciafitnessjump.com\/wp-content\/uploads\/2025\/10\/1000012561-767x1024.jpg 767w, https:\/\/luciafitnessjump.com\/wp-content\/uploads\/2025\/10\/1000012561-225x300.jpg 225w, https:\/\/luciafitnessjump.com\/wp-content\/uploads\/2025\/10\/1000012561-768x1026.jpg 768w, https:\/\/luciafitnessjump.com\/wp-content\/uploads\/2025\/10\/1000012561-1150x1536.jpg 1150w, https:\/\/luciafitnessjump.com\/wp-content\/uploads\/2025\/10\/1000012561.jpg 1533w\" sizes=\"auto, (max-width: 767px) 100vw, 767px\" \/><span aria-hidden=\"true\" class=\"wp-block-cover__background has-background-dim-0 has-background-dim\" style=\"background-color:#818181\"><\/span><div class=\"wp-block-cover__inner-container is-layout-flow wp-block-cover-is-layout-flow\">\n<div style=\"height:var(--wp--preset--spacing--20)\" aria-hidden=\"true\" class=\"wp-block-spacer\"><\/div>\n<\/div><\/div>\n<\/div>\n\n\n\n<div class=\"wp-block-column is-layout-flow wp-block-column-is-layout-flow\">\n<div class=\"wp-block-group is-vertical is-content-justification-stretch is-nowrap is-layout-flex wp-container-core-group-is-layout-9a2e2d63 wp-block-group-is-layout-flex\" style=\"min-height:100%\">\n<p>Je m&rsquo;appelle Lucia. Passionn\u00e9e de corde \u00e0 sauter depuis l\u2019\u00e2ge de six ans, j\u2019ai grandi en transformant ce simple accessoire sportif en un v\u00e9ritable moyen d\u2019expression, de d\u00e9passement et de partage. Tr\u00e8s vite, la corde \u00e0 sauter est devenue bien plus qu\u2019un loisir : un sport \u00e0 part enti\u00e8re, m\u00ealant technicit\u00e9, cr\u00e9ativit\u00e9 et performance.<\/p>\n\n\n\n<p>Au fil des ann\u00e9es, j\u2019ai perfectionn\u00e9 ma pratique dans diff\u00e9rentes disciplines, freestyle, double dutch, fitness et acrobaties, tout en participant \u00e0 de nombreux \u00e9v\u00e9nements, d\u00e9monstrations et projets de promotion sportive. Cette passion m\u2019a permis de comprendre la richesse et la diversit\u00e9 de la corde \u00e0 sauter, un sport encore m\u00e9connu mais porteur d\u2019une incroyable \u00e9nergie et de valeurs fortes : pers\u00e9v\u00e9rance, discipline, esprit d\u2019\u00e9quipe et plaisir du mouvement.<\/p>\n\n\n\n<p>Parall\u00e8lement \u00e0 mon parcours sportif, j\u2019ai orient\u00e9 mes \u00e9tudes vers le <strong>marketing, l\u2019entrepreneuriat et l\u2019\u00e9v\u00e9nementiel sportif<\/strong> \u00e0 l\u2019IAE Graduate School of Management de Nice. Ce choix m\u2019a permis de relier mes comp\u00e9tences acad\u00e9miques \u00e0 mon univers sportif, en d\u00e9veloppant des projets autour du <strong>branding<\/strong>, de la <strong>communication digitale<\/strong> et du <strong>d\u00e9veloppement des sports de niche<\/strong>.<\/p>\n\n\n\n<p>J\u2019ai \u00e9galement eu l\u2019opportunit\u00e9 de collaborer avec <strong>Jumpplus World<\/strong>, une plateforme internationale d\u00e9di\u00e9e \u00e0 la corde \u00e0 sauter. Cette exp\u00e9rience m\u2019a offert une vision globale du d\u00e9veloppement de ce sport \u00e0 l\u2019\u00e9chelle mondiale, notamment en mati\u00e8re d\u2019enseignement, de promotion et de cr\u00e9ation de contenu.<\/p>\n\n\n\n<p>Aujourd\u2019hui, mon objectif est de <strong>faire d\u00e9couvrir la corde \u00e0 sauter sous toutes ses formes<\/strong>, sportive, artistique et \u00e9ducative, \u00e0 travers des <strong>cours collectifs, priv\u00e9s et en ligne<\/strong>. Je souhaite transmettre ma passion, aider chacun \u00e0 progresser selon son rythme, et contribuer \u00e0 la reconnaissance de ce sport fascinant.<\/p>\n\n\n\n<p>Pour moi, la corde \u00e0 sauter n\u2019est pas seulement un outil d\u2019entra\u00eenement : c\u2019est une source d\u2019inspiration, de confiance et de d\u00e9passement de soi. Chaque saut est une nouvelle opportunit\u00e9 d\u2019apprendre, de s\u2019exprimer et de partager.<\/p>\n<\/div>\n<\/div>\n<\/div>\n<\/div>\n","protected":false},"excerpt":{"rendered":"<p>Je m&rsquo;appelle Lucia. Passionn\u00e9e de corde \u00e0 sauter depuis l\u2019\u00e2ge de six ans, j\u2019ai grandi en transformant ce simple accessoire sportif en un v\u00e9ritable moyen d\u2019expression, de d\u00e9passement et de partage. Tr\u00e8s vite, la corde \u00e0 sauter est devenue bien plus qu\u2019un loisir : un sport \u00e0 part enti\u00e8re, m\u00ealant technicit\u00e9, cr\u00e9ativit\u00e9 et performance. Au [&hellip;]<\/p>\n","protected":false},"author":1,"featured_media":0,"parent":0,"menu_order":2,"comment_status":"closed","ping_status":"closed","template":"","meta":{"footnotes":""},"class_list":["post-8","page","type-page","status-publish","hentry"],"blocksy_meta":[],"_links":{"self":[{"href":"https:\/\/luciafitnessjump.com\/index.php?rest_route=\/wp\/v2\/pages\/8","targetHints":{"allow":["GET"]}}],"collection":[{"href":"https:\/\/luciafitnessjump.com\/index.php?rest_route=\/wp\/v2\/pages"}],"about":[{"href":"https:\/\/luciafitnessjump.com\/index.php?rest_route=\/wp\/v2\/types\/page"}],"author":[{"embeddable":true,"href":"https:\/\/luciafitnessjump.com\/index.php?rest_route=\/wp\/v2\/users\/1"}],"replies":[{"embeddable":true,"href":"https:\/\/luciafitnessjump.com\/index.php?rest_route=%2Fwp%2Fv2%2Fcomments&post=8"}],"version-history":[{"count":4,"href":"https:\/\/luciafitnessjump.com\/index.php?rest_route=\/wp\/v2\/pages\/8\/revisions"}],"predecessor-version":[{"id":187,"href":"https:\/\/luciafitnessjump.com\/index.php?rest_route=\/wp\/v2\/pages\/8\/revisions\/187"}],"wp:attachment":[{"href":"https:\/\/luciafitnessjump.com\/index.php?rest_route=%2Fwp%2Fv2%2Fmedia&parent=8"}],"curies":[{"name":"wp","href":"https:\/\/api.w.org\/{rel}","templated":true}]}}