{"id":58,"date":"2025-10-22T08:03:26","date_gmt":"2025-10-22T08:03:26","guid":{"rendered":"https:\/\/luciafitnessjump.com\/?page_id=58"},"modified":"2025-10-29T07:42:13","modified_gmt":"2025-10-29T07:42:13","slug":"cours-prives","status":"publish","type":"page","link":"https:\/\/luciafitnessjump.com\/?page_id=58","title":{"rendered":"Cours priv\u00e9s"},"content":{"rendered":"\n\n\n<p>Les cours priv\u00e9s de corde \u00e0 sauter offrent un accompagnement enti\u00e8rement personnalis\u00e9, con\u00e7u pour r\u00e9pondre \u00e0 vos besoins et \u00e0 vos objectifs sp\u00e9cifiques. Que vous souhaitiez am\u00e9liorer votre condition physique, affiner votre technique, apprendre de nouveaux styles ou pr\u00e9parer une performance, chaque s\u00e9ance est adapt\u00e9e \u00e0 votre niveau et \u00e0 votre rythme.<\/p>\n\n\n\n<p>Gr\u00e2ce \u00e0 un suivi individuel, vous b\u00e9n\u00e9ficiez de conseils pr\u00e9cis, d\u2019exercices cibl\u00e9s et d\u2019une progression optimale. L\u2019accent est mis sur la qualit\u00e9 du mouvement, la posture, la coordination et le d\u00e9veloppement de votre confiance en vous.<\/p>\n\n\n\n<p>Ces cours sont id\u00e9aux pour celles et ceux qui souhaitent aller plus loin, progresser rapidement ou simplement profiter d\u2019un moment privil\u00e9gi\u00e9 d\u2019apprentissage. La corde \u00e0 sauter devient alors un v\u00e9ritable outil de performance, de bien-\u00eatre et d\u2019expression personnelle.<\/p>\n\n\n\n<div class=\"wp-block-buttons is-layout-flex wp-block-buttons-is-layout-flex\">\n<div class=\"wp-block-button\"><a class=\"wp-block-button__link wp-element-button\" href=\"https:\/\/luciafitnessjump.com\/?page_id=20\">R\u00e9sever<\/a><\/div>\n<\/div>\n","protected":false},"excerpt":{"rendered":"<p>Les cours priv\u00e9s de corde \u00e0 sauter offrent un accompagnement enti\u00e8rement personnalis\u00e9, con\u00e7u pour r\u00e9pondre \u00e0 vos besoins et \u00e0 vos objectifs sp\u00e9cifiques. Que vous souhaitiez am\u00e9liorer votre condition physique, affiner votre technique, apprendre de nouveaux styles ou pr\u00e9parer une performance, chaque s\u00e9ance est adapt\u00e9e \u00e0 votre niveau et \u00e0 votre rythme. Gr\u00e2ce \u00e0 un [&hellip;]<\/p>\n","protected":false},"author":1,"featured_media":0,"parent":10,"menu_order":2,"comment_status":"closed","ping_status":"closed","template":"","meta":{"footnotes":""},"class_list":["post-58","page","type-page","status-publish","hentry"],"blocksy_meta":[],"_links":{"self":[{"href":"https:\/\/luciafitnessjump.com\/index.php?rest_route=\/wp\/v2\/pages\/58","targetHints":{"allow":["GET"]}}],"collection":[{"href":"https:\/\/luciafitnessjump.com\/index.php?rest_route=\/wp\/v2\/pages"}],"about":[{"href":"https:\/\/luciafitnessjump.com\/index.php?rest_route=\/wp\/v2\/types\/page"}],"author":[{"embeddable":true,"href":"https:\/\/luciafitnessjump.com\/index.php?rest_route=\/wp\/v2\/users\/1"}],"replies":[{"embeddable":true,"href":"https:\/\/luciafitnessjump.com\/index.php?rest_route=%2Fwp%2Fv2%2Fcomments&post=58"}],"version-history":[{"count":2,"href":"https:\/\/luciafitnessjump.com\/index.php?rest_route=\/wp\/v2\/pages\/58\/revisions"}],"predecessor-version":[{"id":103,"href":"https:\/\/luciafitnessjump.com\/index.php?rest_route=\/wp\/v2\/pages\/58\/revisions\/103"}],"up":[{"embeddable":true,"href":"https:\/\/luciafitnessjump.com\/index.php?rest_route=\/wp\/v2\/pages\/10"}],"wp:attachment":[{"href":"https:\/\/luciafitnessjump.com\/index.php?rest_route=%2Fwp%2Fv2%2Fmedia&parent=58"}],"curies":[{"name":"wp","href":"https:\/\/api.w.org\/{rel}","templated":true}]}}