{"id":56,"date":"2025-10-22T07:46:52","date_gmt":"2025-10-22T07:46:52","guid":{"rendered":"https:\/\/luciafitnessjump.com\/?page_id=56"},"modified":"2025-11-06T19:59:59","modified_gmt":"2025-11-06T19:59:59","slug":"cours-collectifs","status":"publish","type":"page","link":"https:\/\/luciafitnessjump.com\/?page_id=56","title":{"rendered":"Cours collectifs"},"content":{"rendered":"\n<div class=\"wp-block-media-text is-stacked-on-mobile\" style=\"grid-template-columns:43% auto\"><figure class=\"wp-block-media-text__media\"><img loading=\"lazy\" decoding=\"async\" width=\"1024\" height=\"890\" src=\"https:\/\/luciafitnessjump.com\/wp-content\/uploads\/2025\/10\/1000018654-1024x890.jpg\" alt=\"\" class=\"wp-image-99 size-full\" srcset=\"https:\/\/luciafitnessjump.com\/wp-content\/uploads\/2025\/10\/1000018654-1024x890.jpg 1024w, https:\/\/luciafitnessjump.com\/wp-content\/uploads\/2025\/10\/1000018654-300x261.jpg 300w, https:\/\/luciafitnessjump.com\/wp-content\/uploads\/2025\/10\/1000018654-768x667.jpg 768w, https:\/\/luciafitnessjump.com\/wp-content\/uploads\/2025\/10\/1000018654-1536x1334.jpg 1536w, https:\/\/luciafitnessjump.com\/wp-content\/uploads\/2025\/10\/1000018654.jpg 2048w\" sizes=\"auto, (max-width: 1024px) 100vw, 1024px\" \/><\/figure><div class=\"wp-block-media-text__content\">\n<p><\/p>\n<\/div><\/div>\n\n\n\n<p>Rejoignez nos cours collectifs de corde \u00e0 sauter et d\u00e9couvrez un sport complet, dynamique et accessible \u00e0 tous. Chaque s\u00e9ance est con\u00e7ue pour allier travail cardiovasculaire, renforcement musculaire et coordination, tout en gardant une dimension ludique et motivante.<br>Dans une ambiance conviviale, les participants progressent ensemble, apprennent de nouvelles techniques et d\u00e9veloppent leur confiance en leurs capacit\u00e9s. Que vous soyez d\u00e9butant ou confirm\u00e9, les exercices sont adapt\u00e9s \u00e0 votre niveau et vous permettront d\u2019\u00e9voluer \u00e0 votre rythme.<\/p>\n\n\n\n<p>Au-del\u00e0 de l\u2019aspect sportif, les cours collectifs sont aussi un moment de partage et d\u2019\u00e9nergie positive. En groupe, la motivation se renforce, les \u00e9changes se multiplient et les progr\u00e8s deviennent plus visibles s\u00e9ance apr\u00e8s s\u00e9ance. L\u2019objectif est simple : se d\u00e9passer, s\u2019amuser et d\u00e9couvrir la corde \u00e0 sauter sous toutes ses formes \u2014 fitness, freestyle, ou encore double dutch.<\/p>\n\n\n\n<p>Venez vivre une exp\u00e9rience unique o\u00f9 la corde devient bien plus qu\u2019un outil d\u2019entra\u00eenement : un v\u00e9ritable moyen d\u2019expression et de d\u00e9passement de soi.<\/p>\n\n\n\n<div class=\"wp-block-buttons is-layout-flex wp-block-buttons-is-layout-flex\">\n<div class=\"wp-block-button\"><a class=\"wp-block-button__link wp-element-button\" href=\"https:\/\/luciafitnessjump.com\/?page_id=20\">R\u00e9server<\/a><\/div>\n<\/div>\n","protected":false},"excerpt":{"rendered":"<p>Rejoignez nos cours collectifs de corde \u00e0 sauter et d\u00e9couvrez un sport complet, dynamique et accessible \u00e0 tous. Chaque s\u00e9ance est con\u00e7ue pour allier travail cardiovasculaire, renforcement musculaire et coordination, tout en gardant une dimension ludique et motivante.Dans une ambiance conviviale, les participants progressent ensemble, apprennent de nouvelles techniques et d\u00e9veloppent leur confiance en leurs [&hellip;]<\/p>\n","protected":false},"author":1,"featured_media":0,"parent":10,"menu_order":1,"comment_status":"closed","ping_status":"closed","template":"","meta":{"footnotes":""},"class_list":["post-56","page","type-page","status-publish","hentry"],"blocksy_meta":[],"_links":{"self":[{"href":"https:\/\/luciafitnessjump.com\/index.php?rest_route=\/wp\/v2\/pages\/56","targetHints":{"allow":["GET"]}}],"collection":[{"href":"https:\/\/luciafitnessjump.com\/index.php?rest_route=\/wp\/v2\/pages"}],"about":[{"href":"https:\/\/luciafitnessjump.com\/index.php?rest_route=\/wp\/v2\/types\/page"}],"author":[{"embeddable":true,"href":"https:\/\/luciafitnessjump.com\/index.php?rest_route=\/wp\/v2\/users\/1"}],"replies":[{"embeddable":true,"href":"https:\/\/luciafitnessjump.com\/index.php?rest_route=%2Fwp%2Fv2%2Fcomments&post=56"}],"version-history":[{"count":6,"href":"https:\/\/luciafitnessjump.com\/index.php?rest_route=\/wp\/v2\/pages\/56\/revisions"}],"predecessor-version":[{"id":220,"href":"https:\/\/luciafitnessjump.com\/index.php?rest_route=\/wp\/v2\/pages\/56\/revisions\/220"}],"up":[{"embeddable":true,"href":"https:\/\/luciafitnessjump.com\/index.php?rest_route=\/wp\/v2\/pages\/10"}],"wp:attachment":[{"href":"https:\/\/luciafitnessjump.com\/index.php?rest_route=%2Fwp%2Fv2%2Fmedia&parent=56"}],"curies":[{"name":"wp","href":"https:\/\/api.w.org\/{rel}","templated":true}]}}