{"id":140,"date":"2025-10-29T09:21:20","date_gmt":"2025-10-29T09:21:20","guid":{"rendered":"https:\/\/luciafitnessjump.com\/?page_id=140"},"modified":"2025-10-29T09:32:47","modified_gmt":"2025-10-29T09:32:47","slug":"conseil-en-gestion","status":"publish","type":"page","link":"https:\/\/luciafitnessjump.com\/?page_id=140","title":{"rendered":"Conseil en gestion"},"content":{"rendered":"\n<p>Je propose un <strong>accompagnement en conseil et gestion<\/strong> destin\u00e9 aux clubs et entreprises sp\u00e9cialis\u00e9s dans la corde \u00e0 sauter, en m\u2019appuyant sur ma double expertise en marketing sportif et en entrepreneuriat.<\/p>\n\n\n\n<p>Pratiquant la corde \u00e0 sauter acrobatique depuis l\u2019\u00e2ge de six ans, j\u2019ai d\u00e9velopp\u00e9 au fil des ann\u00e9es une compr\u00e9hension approfondie de cette discipline, de ses sp\u00e9cificit\u00e9s techniques \u00e0 ses enjeux de visibilit\u00e9 et de structuration. Mon parcours m\u2019a \u00e9galement amen\u00e9e \u00e0 collaborer avec Jumpplus World, une plateforme internationale d\u00e9di\u00e9e \u00e0 la promotion et au d\u00e9veloppement de la corde \u00e0 sauter, o\u00f9 j\u2019ai pu allier passion et comp\u00e9tences professionnelles.<\/p>\n\n\n\n<p>Faisant mes \u00e9tudes dans le Marketing, Entrepreneuriat et \u00c9v\u00e9nementiel Sportif \u00e0 l\u2019IAE Graduate School of Management de Nice, je b\u00e9n\u00e9ficie d\u2019une formation compl\u00e8te en gestion de projet, communication digitale, branding sportif et organisation d\u2019\u00e9v\u00e9nements. Ces comp\u00e9tences me permettent aujourd\u2019hui d\u2019accompagner les structures du secteur dans leur croissance strat\u00e9gique et leur d\u00e9veloppement op\u00e9rationnel.<\/p>\n\n\n\n<p>Mon objectif est de contribuer \u00e0 la reconnaissance et \u00e0 la professionnalisation de la corde \u00e0 sauter, en alliant passion, strat\u00e9gie et innovation pour faire rayonner ce sport de niche aupr\u00e8s d\u2019un public toujours plus large.<\/p>\n","protected":false},"excerpt":{"rendered":"<p>Je propose un accompagnement en conseil et gestion destin\u00e9 aux clubs et entreprises sp\u00e9cialis\u00e9s dans la corde \u00e0 sauter, en m\u2019appuyant sur ma double expertise en marketing sportif et en entrepreneuriat. Pratiquant la corde \u00e0 sauter acrobatique depuis l\u2019\u00e2ge de six ans, j\u2019ai d\u00e9velopp\u00e9 au fil des ann\u00e9es une compr\u00e9hension approfondie de cette discipline, de [&hellip;]<\/p>\n","protected":false},"author":1,"featured_media":0,"parent":14,"menu_order":2,"comment_status":"closed","ping_status":"closed","template":"","meta":{"footnotes":""},"class_list":["post-140","page","type-page","status-publish","hentry"],"blocksy_meta":[],"_links":{"self":[{"href":"https:\/\/luciafitnessjump.com\/index.php?rest_route=\/wp\/v2\/pages\/140","targetHints":{"allow":["GET"]}}],"collection":[{"href":"https:\/\/luciafitnessjump.com\/index.php?rest_route=\/wp\/v2\/pages"}],"about":[{"href":"https:\/\/luciafitnessjump.com\/index.php?rest_route=\/wp\/v2\/types\/page"}],"author":[{"embeddable":true,"href":"https:\/\/luciafitnessjump.com\/index.php?rest_route=\/wp\/v2\/users\/1"}],"replies":[{"embeddable":true,"href":"https:\/\/luciafitnessjump.com\/index.php?rest_route=%2Fwp%2Fv2%2Fcomments&post=140"}],"version-history":[{"count":3,"href":"https:\/\/luciafitnessjump.com\/index.php?rest_route=\/wp\/v2\/pages\/140\/revisions"}],"predecessor-version":[{"id":150,"href":"https:\/\/luciafitnessjump.com\/index.php?rest_route=\/wp\/v2\/pages\/140\/revisions\/150"}],"up":[{"embeddable":true,"href":"https:\/\/luciafitnessjump.com\/index.php?rest_route=\/wp\/v2\/pages\/14"}],"wp:attachment":[{"href":"https:\/\/luciafitnessjump.com\/index.php?rest_route=%2Fwp%2Fv2%2Fmedia&parent=140"}],"curies":[{"name":"wp","href":"https:\/\/api.w.org\/{rel}","templated":true}]}}